{"id":8019,"date":"2018-03-09T12:11:40","date_gmt":"2021-07-02T08:21:45","guid":{"rendered":"https:\/\/www.hollandaviation.nl\/?post_type=product&#038;p=8019"},"modified":"2024-10-24T13:57:10","modified_gmt":"2024-10-24T12:57:10","slug":"ha-osh-11-32-led-hindernisfeuer","status":"publish","type":"product","link":"https:\/\/www.hollandaviation.nl\/de\/hindernisfeuer\/ha-osh-11-32-led-hindernisfeuer\/","title":{"rendered":"HA OSH 11-32 LED-Hindernisfeuer"},"content":{"rendered":"<p><span style=\"font-weight: 400;\">Die HA OSH 11-32 LED-Hindernisfeuer wurde speziell entwickelt, um den Touchdown- und Lift-Off-Bereich (TLOF) von Offshore-Helidecks zu kennzeichnen. Diese zuverl\u00e4ssige Beleuchtungsl\u00f6sung sorgt f\u00fcr sichere Landungen und Starts, selbst unter herausfordernden Bedingungen.<\/span><\/p>\n<p>&nbsp;<\/p>\n<h3><b>Merkmale der HA OSH 11-32 LED-Hindernisfeuer:<\/b><\/h3>\n<ul>\n<li style=\"font-weight: 400;\" aria-level=\"1\"><b>Konformit\u00e4t<\/b><span style=\"font-weight: 400;\">: Entspricht den CAP437- und ICAO-Anhang-14-Standards<\/span><\/li>\n<li style=\"font-weight: 400;\" aria-level=\"1\"><b>Lichtquelle<\/b><span style=\"font-weight: 400;\">: LED mit einer gesch\u00e4tzten Lebensdauer von \u00fcber 75.000 Stunden<\/span><\/li>\n<li style=\"font-weight: 400;\" aria-level=\"1\"><b>Farboptionen<\/b><span style=\"font-weight: 400;\">:<\/span>\n<ul>\n<li style=\"font-weight: 400;\" aria-level=\"2\"><span style=\"font-weight: 400;\">Standard: Gr\u00fcn<\/span><\/li>\n<li style=\"font-weight: 400;\" aria-level=\"2\"><span style=\"font-weight: 400;\">Auf Anfrage: Gelb und Blau<\/span><\/li>\n<\/ul>\n<\/li>\n<li style=\"font-weight: 400;\" aria-level=\"1\"><b>Sichtbarkeit<\/b><span style=\"font-weight: 400;\">: Bietet exzellenten Farbkontrast und unterst\u00fctzt Piloten bei n\u00e4chtlichen Anfl\u00fcgen und schlechtem Wetter<\/span><\/li>\n<li style=\"font-weight: 400;\" aria-level=\"1\"><b>Zus\u00e4tzliche Optionen<\/b><span style=\"font-weight: 400;\">: Eingelassene Umrandungsleuchten in Gr\u00fcn und Wei\u00df zur Markierung der Landeplatzr\u00e4nder und Anfluglinien sind verf\u00fcgbar<\/span><\/li>\n<\/ul>\n<p>&nbsp;<\/p>\n<h3><b>Was ist TLOF?<\/b><\/h3>\n<p><span style=\"font-weight: 400;\">Der <\/span><b>Touchdown and Lift-Off Area (TLOF)<\/b><span style=\"font-weight: 400;\"> ist ein entscheidender Bestandteil eines Heliports und dient als vorgesehene Lande- und Startzone f\u00fcr Hubschrauber. Der TLOF wird so gebaut und markiert, dass er eine stabile und vorhersehbare Fl\u00e4che bietet, um sichere und effiziente Hubschrauberoperationen zu gew\u00e4hrleisten. In der Regel befindet sich der TLOF zentral in der <\/span><b>Final Approach and Takeoff Area (FATO)<\/b><span style=\"font-weight: 400;\"> und ist von einer hindernisfreien Zone umgeben.<\/span><\/p>\n<p><span style=\"font-weight: 400;\">Die Oberfl\u00e4che des TLOF kann variieren. Zum Beispiel k\u00f6nnte es sich um eine Betonfl\u00e4che, ein markiertes Dach oder eine Offshore-Plattform handeln. Die Beleuchtung, insbesondere die Umrandungsleuchten, tr\u00e4gt ma\u00dfgeblich zur Sicherheit bei. Diese Leuchten sind bei Nachtfl\u00fcgen oder schlechtem Wetter von gro\u00dfer Bedeutung, da sie die Grenzen des TLOF deutlich sichtbar machen und Piloten bei Landungen und Starts unterst\u00fctzen. Durch die Beleuchtung des Bereichs wird das Risiko von Fehlern reduziert und eine pr\u00e4zise Ausf\u00fchrung der Operationen gew\u00e4hrleistet.<\/span><\/p>\n<p><span style=\"font-weight: 400;\">Zus\u00e4tzlich legen internationale Luftfahrtbeh\u00f6rden, wie die <\/span><b>International Civil Aviation Organization (ICAO)<\/b><span style=\"font-weight: 400;\">, Standards f\u00fcr den TLOF fest. Diese umfassen Anforderungen an Gr\u00f6\u00dfe, Oberfl\u00e4chenbeschaffenheit und Beleuchtung. Das Einhalten dieser Standards ist entscheidend f\u00fcr die Sicherheit und Effizienz von Heliports, sowohl an Land als auch offshore.<\/span><\/p>\n<p><a href=\"https:\/\/www.hollandaviation.nl\/app\/uploads\/2021\/06\/HA-OSH11-obstruction-light-datasheet-20042021.pdf\" target=\"_blank\" rel=\"noopener noreferrer\">Datenblatt<\/a><\/p>\n","protected":false},"excerpt":{"rendered":"<p><strong>Offshore-Hindernisfeuer 32 Cd<\/strong><\/p>\n","protected":false},"featured_media":8509,"comment_status":"closed","ping_status":"closed","template":"","meta":{"_acf_changed":false},"product_brand":[],"product_cat":[4113],"product_tag":[],"class_list":{"0":"post-8019","1":"product","2":"type-product","3":"status-publish","4":"has-post-thumbnail","6":"product_cat-hindernisfeuer","8":"first","9":"instock","10":"taxable","11":"shipping-taxable","12":"product-type-simple"},"acf":[],"yoast_head":"<!-- This site is optimized with the Yoast SEO plugin v27.2 - https:\/\/yoast.com\/product\/yoast-seo-wordpress\/ -->\n<title>HA OSH 11-32 LED-Hindernisfeuer - Holland Aviation<\/title>\n<meta name=\"description\" content=\"Die OSH 11-32 LED ist ein qualitativ hochwertiges Hindernisfeuer f\u00fcr Flugh\u00e4fen und Heliports. Schauen Sie sich das Produkt hier an!\" \/>\n<meta name=\"robots\" content=\"index, follow, max-snippet:-1, max-image-preview:large, max-video-preview:-1\" \/>\n<link rel=\"canonical\" href=\"https:\/\/www.hollandaviation.nl\/de\/hindernisfeuer\/ha-osh-11-32-led-hindernisfeuer\/\" \/>\n<meta property=\"og:locale\" content=\"de_DE\" \/>\n<meta property=\"og:type\" content=\"article\" \/>\n<meta property=\"og:title\" content=\"HA OSH 11-32 LED-Hindernisfeuer - Holland Aviation\" \/>\n<meta property=\"og:description\" content=\"Die OSH 11-32 LED ist ein qualitativ hochwertiges Hindernisfeuer f\u00fcr Flugh\u00e4fen und Heliports. Schauen Sie sich das Produkt hier an!\" \/>\n<meta property=\"og:url\" content=\"https:\/\/www.hollandaviation.nl\/de\/hindernisfeuer\/ha-osh-11-32-led-hindernisfeuer\/\" \/>\n<meta property=\"og:site_name\" content=\"Holland Aviation\" \/>\n<meta property=\"article:publisher\" content=\"https:\/\/www.facebook.com\/profile.php?id=100063524530646\" \/>\n<meta property=\"article:modified_time\" content=\"2024-10-24T12:57:10+00:00\" \/>\n<meta property=\"og:image\" content=\"https:\/\/www.hollandaviation.nl\/app\/uploads\/2021\/11\/HA-OSH-11-32-Led-Obstruction-light-1-small.jpg\" \/>\n\t<meta property=\"og:image:width\" content=\"527\" \/>\n\t<meta property=\"og:image:height\" content=\"500\" \/>\n\t<meta property=\"og:image:type\" content=\"image\/jpeg\" \/>\n<meta name=\"twitter:card\" content=\"summary_large_image\" \/>\n<meta name=\"twitter:site\" content=\"@HollandAviation\" \/>\n<meta name=\"twitter:label1\" content=\"Est. reading time\" \/>\n\t<meta name=\"twitter:data1\" content=\"2 minutes\" \/>\n<script type=\"application\/ld+json\" class=\"yoast-schema-graph\">{\"@context\":\"https:\/\/schema.org\",\"@graph\":[{\"@type\":\"WebPage\",\"@id\":\"https:\/\/www.hollandaviation.nl\/de\/hindernisfeuer\/ha-osh-11-32-led-hindernisfeuer\/\",\"url\":\"https:\/\/www.hollandaviation.nl\/de\/hindernisfeuer\/ha-osh-11-32-led-hindernisfeuer\/\",\"name\":\"HA OSH 11-32 LED-Hindernisfeuer - Holland Aviation\",\"isPartOf\":{\"@id\":\"https:\/\/www.hollandaviation.nl\/en\/#website\"},\"primaryImageOfPage\":{\"@id\":\"https:\/\/www.hollandaviation.nl\/de\/hindernisfeuer\/ha-osh-11-32-led-hindernisfeuer\/#primaryimage\"},\"image\":{\"@id\":\"https:\/\/www.hollandaviation.nl\/de\/hindernisfeuer\/ha-osh-11-32-led-hindernisfeuer\/#primaryimage\"},\"thumbnailUrl\":\"https:\/\/www.hollandaviation.nl\/app\/uploads\/2021\/11\/HA-OSH-11-32-Led-Obstruction-light-1-small.jpg\",\"datePublished\":\"2021-07-02T08:21:45+00:00\",\"dateModified\":\"2024-10-24T12:57:10+00:00\",\"description\":\"Die OSH 11-32 LED ist ein qualitativ hochwertiges Hindernisfeuer f\u00fcr Flugh\u00e4fen und Heliports. Schauen Sie sich das Produkt hier an!\",\"breadcrumb\":{\"@id\":\"https:\/\/www.hollandaviation.nl\/de\/hindernisfeuer\/ha-osh-11-32-led-hindernisfeuer\/#breadcrumb\"},\"inLanguage\":\"de-DE\",\"potentialAction\":[{\"@type\":\"ReadAction\",\"target\":[\"https:\/\/www.hollandaviation.nl\/de\/hindernisfeuer\/ha-osh-11-32-led-hindernisfeuer\/\"]}]},{\"@type\":\"ImageObject\",\"inLanguage\":\"de-DE\",\"@id\":\"https:\/\/www.hollandaviation.nl\/de\/hindernisfeuer\/ha-osh-11-32-led-hindernisfeuer\/#primaryimage\",\"url\":\"https:\/\/www.hollandaviation.nl\/app\/uploads\/2021\/11\/HA-OSH-11-32-Led-Obstruction-light-1-small.jpg\",\"contentUrl\":\"https:\/\/www.hollandaviation.nl\/app\/uploads\/2021\/11\/HA-OSH-11-32-Led-Obstruction-light-1-small.jpg\",\"width\":527,\"height\":500,\"caption\":\"Holland Aviation Helideck Obstruction Light with red lens. ICAO, FAA, CAP compliant. An obstruction is an object that extends above an obstacle protection surface and shall be lighted at night.\"},{\"@type\":\"BreadcrumbList\",\"@id\":\"https:\/\/www.hollandaviation.nl\/de\/hindernisfeuer\/ha-osh-11-32-led-hindernisfeuer\/#breadcrumb\",\"itemListElement\":[{\"@type\":\"ListItem\",\"position\":1,\"name\":\"Home\",\"item\":\"https:\/\/www.hollandaviation.nl\/de\/\"},{\"@type\":\"ListItem\",\"position\":2,\"name\":\"Produkte\",\"item\":\"https:\/\/www.hollandaviation.nl\/de\/produkte\/\"},{\"@type\":\"ListItem\",\"position\":3,\"name\":\"Hindernisfeuer\",\"item\":\"https:\/\/www.hollandaviation.nl\/de\/hindernisfeuer\/\"},{\"@type\":\"ListItem\",\"position\":4,\"name\":\"HA OSH 11-32 LED-Hindernisfeuer\"}]},{\"@type\":\"WebSite\",\"@id\":\"https:\/\/www.hollandaviation.nl\/en\/#website\",\"url\":\"https:\/\/www.hollandaviation.nl\/en\/\",\"name\":\"Holland Aviation\",\"description\":\"\",\"publisher\":{\"@id\":\"https:\/\/www.hollandaviation.nl\/en\/#organization\"},\"potentialAction\":[{\"@type\":\"SearchAction\",\"target\":{\"@type\":\"EntryPoint\",\"urlTemplate\":\"https:\/\/www.hollandaviation.nl\/en\/?s={search_term_string}\"},\"query-input\":{\"@type\":\"PropertyValueSpecification\",\"valueRequired\":true,\"valueName\":\"search_term_string\"}}],\"inLanguage\":\"de-DE\"},{\"@type\":\"Organization\",\"@id\":\"https:\/\/www.hollandaviation.nl\/en\/#organization\",\"name\":\"Holland Aviation\",\"url\":\"https:\/\/www.hollandaviation.nl\/en\/\",\"logo\":{\"@type\":\"ImageObject\",\"inLanguage\":\"de-DE\",\"@id\":\"https:\/\/www.hollandaviation.nl\/en\/#\/schema\/logo\/image\/\",\"url\":\"https:\/\/www.hollandaviation.nl\/app\/uploads\/2021\/10\/logo.png\",\"contentUrl\":\"https:\/\/www.hollandaviation.nl\/app\/uploads\/2021\/10\/logo.png\",\"width\":411,\"height\":78,\"caption\":\"Holland Aviation\"},\"image\":{\"@id\":\"https:\/\/www.hollandaviation.nl\/en\/#\/schema\/logo\/image\/\"},\"sameAs\":[\"https:\/\/www.facebook.com\/profile.php?id=100063524530646\",\"https:\/\/x.com\/HollandAviation\",\"https:\/\/www.youtube.com\/user\/HollandAviation\/videos\",\"https:\/\/www.linkedin.com\/company\/holland-aviation\/\"]}]}<\/script>\n<!-- \/ Yoast SEO plugin. -->","yoast_head_json":{"title":"HA OSH 11-32 LED-Hindernisfeuer - Holland Aviation","description":"Die OSH 11-32 LED ist ein qualitativ hochwertiges Hindernisfeuer f\u00fcr Flugh\u00e4fen und Heliports. Schauen Sie sich das Produkt hier an!","robots":{"index":"index","follow":"follow","max-snippet":"max-snippet:-1","max-image-preview":"max-image-preview:large","max-video-preview":"max-video-preview:-1"},"canonical":"https:\/\/www.hollandaviation.nl\/de\/hindernisfeuer\/ha-osh-11-32-led-hindernisfeuer\/","og_locale":"de_DE","og_type":"article","og_title":"HA OSH 11-32 LED-Hindernisfeuer - Holland Aviation","og_description":"Die OSH 11-32 LED ist ein qualitativ hochwertiges Hindernisfeuer f\u00fcr Flugh\u00e4fen und Heliports. Schauen Sie sich das Produkt hier an!","og_url":"https:\/\/www.hollandaviation.nl\/de\/hindernisfeuer\/ha-osh-11-32-led-hindernisfeuer\/","og_site_name":"Holland Aviation","article_publisher":"https:\/\/www.facebook.com\/profile.php?id=100063524530646","article_modified_time":"2024-10-24T12:57:10+00:00","og_image":[{"width":527,"height":500,"url":"https:\/\/www.hollandaviation.nl\/app\/uploads\/2021\/11\/HA-OSH-11-32-Led-Obstruction-light-1-small.jpg","type":"image\/jpeg"}],"twitter_card":"summary_large_image","twitter_site":"@HollandAviation","twitter_misc":{"Est. reading time":"2 minutes"},"schema":{"@context":"https:\/\/schema.org","@graph":[{"@type":"WebPage","@id":"https:\/\/www.hollandaviation.nl\/de\/hindernisfeuer\/ha-osh-11-32-led-hindernisfeuer\/","url":"https:\/\/www.hollandaviation.nl\/de\/hindernisfeuer\/ha-osh-11-32-led-hindernisfeuer\/","name":"HA OSH 11-32 LED-Hindernisfeuer - Holland Aviation","isPartOf":{"@id":"https:\/\/www.hollandaviation.nl\/en\/#website"},"primaryImageOfPage":{"@id":"https:\/\/www.hollandaviation.nl\/de\/hindernisfeuer\/ha-osh-11-32-led-hindernisfeuer\/#primaryimage"},"image":{"@id":"https:\/\/www.hollandaviation.nl\/de\/hindernisfeuer\/ha-osh-11-32-led-hindernisfeuer\/#primaryimage"},"thumbnailUrl":"https:\/\/www.hollandaviation.nl\/app\/uploads\/2021\/11\/HA-OSH-11-32-Led-Obstruction-light-1-small.jpg","datePublished":"2021-07-02T08:21:45+00:00","dateModified":"2024-10-24T12:57:10+00:00","description":"Die OSH 11-32 LED ist ein qualitativ hochwertiges Hindernisfeuer f\u00fcr Flugh\u00e4fen und Heliports. Schauen Sie sich das Produkt hier an!","breadcrumb":{"@id":"https:\/\/www.hollandaviation.nl\/de\/hindernisfeuer\/ha-osh-11-32-led-hindernisfeuer\/#breadcrumb"},"inLanguage":"de-DE","potentialAction":[{"@type":"ReadAction","target":["https:\/\/www.hollandaviation.nl\/de\/hindernisfeuer\/ha-osh-11-32-led-hindernisfeuer\/"]}]},{"@type":"ImageObject","inLanguage":"de-DE","@id":"https:\/\/www.hollandaviation.nl\/de\/hindernisfeuer\/ha-osh-11-32-led-hindernisfeuer\/#primaryimage","url":"https:\/\/www.hollandaviation.nl\/app\/uploads\/2021\/11\/HA-OSH-11-32-Led-Obstruction-light-1-small.jpg","contentUrl":"https:\/\/www.hollandaviation.nl\/app\/uploads\/2021\/11\/HA-OSH-11-32-Led-Obstruction-light-1-small.jpg","width":527,"height":500,"caption":"Holland Aviation Helideck Obstruction Light with red lens. ICAO, FAA, CAP compliant. An obstruction is an object that extends above an obstacle protection surface and shall be lighted at night."},{"@type":"BreadcrumbList","@id":"https:\/\/www.hollandaviation.nl\/de\/hindernisfeuer\/ha-osh-11-32-led-hindernisfeuer\/#breadcrumb","itemListElement":[{"@type":"ListItem","position":1,"name":"Home","item":"https:\/\/www.hollandaviation.nl\/de\/"},{"@type":"ListItem","position":2,"name":"Produkte","item":"https:\/\/www.hollandaviation.nl\/de\/produkte\/"},{"@type":"ListItem","position":3,"name":"Hindernisfeuer","item":"https:\/\/www.hollandaviation.nl\/de\/hindernisfeuer\/"},{"@type":"ListItem","position":4,"name":"HA OSH 11-32 LED-Hindernisfeuer"}]},{"@type":"WebSite","@id":"https:\/\/www.hollandaviation.nl\/en\/#website","url":"https:\/\/www.hollandaviation.nl\/en\/","name":"Holland Aviation","description":"","publisher":{"@id":"https:\/\/www.hollandaviation.nl\/en\/#organization"},"potentialAction":[{"@type":"SearchAction","target":{"@type":"EntryPoint","urlTemplate":"https:\/\/www.hollandaviation.nl\/en\/?s={search_term_string}"},"query-input":{"@type":"PropertyValueSpecification","valueRequired":true,"valueName":"search_term_string"}}],"inLanguage":"de-DE"},{"@type":"Organization","@id":"https:\/\/www.hollandaviation.nl\/en\/#organization","name":"Holland Aviation","url":"https:\/\/www.hollandaviation.nl\/en\/","logo":{"@type":"ImageObject","inLanguage":"de-DE","@id":"https:\/\/www.hollandaviation.nl\/en\/#\/schema\/logo\/image\/","url":"https:\/\/www.hollandaviation.nl\/app\/uploads\/2021\/10\/logo.png","contentUrl":"https:\/\/www.hollandaviation.nl\/app\/uploads\/2021\/10\/logo.png","width":411,"height":78,"caption":"Holland Aviation"},"image":{"@id":"https:\/\/www.hollandaviation.nl\/en\/#\/schema\/logo\/image\/"},"sameAs":["https:\/\/www.facebook.com\/profile.php?id=100063524530646","https:\/\/x.com\/HollandAviation","https:\/\/www.youtube.com\/user\/HollandAviation\/videos","https:\/\/www.linkedin.com\/company\/holland-aviation\/"]}]}},"_links":{"self":[{"href":"https:\/\/www.hollandaviation.nl\/de\/wp-json\/wp\/v2\/product\/8019","targetHints":{"allow":["GET"]}}],"collection":[{"href":"https:\/\/www.hollandaviation.nl\/de\/wp-json\/wp\/v2\/product"}],"about":[{"href":"https:\/\/www.hollandaviation.nl\/de\/wp-json\/wp\/v2\/types\/product"}],"replies":[{"embeddable":true,"href":"https:\/\/www.hollandaviation.nl\/de\/wp-json\/wp\/v2\/comments?post=8019"}],"wp:featuredmedia":[{"embeddable":true,"href":"https:\/\/www.hollandaviation.nl\/de\/wp-json\/wp\/v2\/media\/8509"}],"wp:attachment":[{"href":"https:\/\/www.hollandaviation.nl\/de\/wp-json\/wp\/v2\/media?parent=8019"}],"wp:term":[{"taxonomy":"product_brand","embeddable":true,"href":"https:\/\/www.hollandaviation.nl\/de\/wp-json\/wp\/v2\/product_brand?post=8019"},{"taxonomy":"product_cat","embeddable":true,"href":"https:\/\/www.hollandaviation.nl\/de\/wp-json\/wp\/v2\/product_cat?post=8019"},{"taxonomy":"product_tag","embeddable":true,"href":"https:\/\/www.hollandaviation.nl\/de\/wp-json\/wp\/v2\/product_tag?post=8019"}],"curies":[{"name":"wp","href":"https:\/\/api.w.org\/{rel}","templated":true}]}}